{"id":13,"date":"2017-06-04T12:00:04","date_gmt":"2017-06-04T10:00:04","guid":{"rendered":"http:\/\/www.saramarseropsicologa.com\/sito\/?page_id=13"},"modified":"2017-06-04T20:00:48","modified_gmt":"2017-06-04T18:00:48","slug":"cookie-policy","status":"publish","type":"page","link":"https:\/\/www.saramarseropsicologa.com\/sito\/cookie-policy\/","title":{"rendered":"COOKIE POLICY"},"content":{"rendered":"<h1>Che cos&#8217;\u00e8 un cookie e a cosa serve?<\/h1>\n<p>Un cookie \u00e8 un file di piccole dimensioni che viene inviato al browser e salvato sul Suo dispositivo quando visita un sito internet. I cookie permettono un funzionamento efficiente del sito e ne migliorano le prestazioni, danno anche informazioni al proprietario del sito per fini statistici e per personalizzare l\u2019esperienza di navigazione ricordandone le preferenze. Il cookie \u00e8 assimilabile ad una tessera identificativa esclusivamente personale, il cui compito \u00e8 comunicare a saramarseropsicologa.com quando torni. Molti siti web, compreso il nostro, se ne avvalgono.<\/p>\n<h2>Quali cookie utilizziamo e per quali finalit\u00e0?<\/h2>\n<p>Il sito web saramarseropsicologa.com utilizza diverse tipologie di cookie e tecnologie affini, ognuna delle quali ha una specifica funzione. Per ottimizzare l\u2019utilizzo del sito il computer, il tablet o il dispositivo mobile devono accettare i cookies. La nostra informativa sull\u2019utilizzo dei cookies fornisce informazioni in merito alla tipologia di cookies utilizzati e alla modalit\u00e0 di gestione, controllo ed eliminazione.<\/p>\n<h2>Tipologia di Cookie<\/h2>\n<p>Il sito web saramarseropsicologa.com utilizza i cookies per ricordare i Suoi dati nelle visite successive e ottimizzare la Sua esperienza on-line.<\/p>\n<h3>Cookie di navigazione<\/h3>\n<p>Fin dal primo accesso questi cookie permettono al sito di funzionare correttamente e Le consentono di visualizzare i contenuti sul Suo dispositivo riconoscendo la lingua e il Paese dal quale ha scelto di connettersi. I cookie di navigazione sono cookie tecnici e sono necessari al funzionamento del sito.<\/p>\n<h3>Cookie Analitici<\/h3>\n<p>Questi cookie sono utilizzati per elaborare analisi statistiche sulle modalit\u00e0 di navigazione degli utenti sul nostro sito.<br \/>\nSara Marsero\u00a0tratta i risultati di queste analisi in maniera anonima ed esclusivamente per finalit\u00e0 statistiche. I cookie analitici sono inviati dal sito stesso o da domini di terze parti.<\/p>\n<h4>Google Analytics (Google Inc.)<\/h4>\n<p>Google Analytics \u00e8 un servizio di analisi web fornito da Google Inc., il quale utilizza i dati personali raccolti allo scopo di tracciare ed esaminare l\u2019utilizzo di questo sito, compilare report e condividerli con gli altri servizi sviluppati da Google. Google potrebbe utilizzare i dati personali per contestualizzare e personalizzare gli annunci del proprio network pubblicitario.<br \/>\nGoogle\u00a0<a class=\"policy\" href=\"http:\/\/www.google.com\/intl\/it\/policies\/privacy\/\" target=\"_blank\" rel=\"noopener noreferrer\">Privacy Policy<\/a><\/p>\n<h2>Come posso disabilitare i cookie e gestire le mie preferenze?<\/h2>\n<p>La maggior parte dei browser \u00e8 configurata per accettare, controllare o eventualmente disabilitare i cookie attraverso le impostazioni. Le ricordiamo tuttavia che disabilitare i cookie di navigazione o quelli funzionali pu\u00f2 causare il malfunzionamento del sito e\/o limitare il servizio che offriamo.<\/p>\n<p>Gestione dei cookie:<\/p>\n<ul>\n<li>IE:\u00a0<a class=\"policy\" href=\"http:\/\/windows.microsoft.com\/it-it\/windows7\/block-enable-or-allow-cookies\" target=\"_blank\" rel=\"noopener noreferrer\">http:\/\/windows.microsoft.com\/it-it\/windows7\/block-enable-or-allow-cookies<\/a><\/li>\n<li>Safari:\u00a0<a class=\"policy\" href=\"https:\/\/support.apple.com\/kb\/PH17191\" target=\"_blank\" rel=\"noopener noreferrer\">https:\/\/support.apple.com\/kb\/PH17191<\/a><\/li>\n<li>Chrome:\u00a0<a class=\"policy\" href=\"https:\/\/support.google.com\/chrome\/answer\/95647?hl=it-IT&amp;hlrm=fr&amp;hlrm=en\" target=\"_blank\" rel=\"noopener noreferrer\">https:\/\/support.google.com\/chrome\/answer\/95647?hl=it-IT&amp;hlrm=fr&amp;hlrm=en\u00a0<\/a><\/li>\n<li>Firefox:\u00a0<a class=\"policy\" href=\"http:\/\/support.mozilla.org\/it-IT\/kb\/enable-and-disable-cookies-website-preferences\" target=\"_blank\" rel=\"noopener noreferrer\">http:\/\/support.mozilla.org\/it-IT\/kb\/enable-and-disable-cookies-website-preferences<\/a><\/li>\n<\/ul>\n<p>Per maggiori informazioni sui cookie La invitiamo a visitare\u00a0<a class=\"policy\" href=\"http:\/\/www.youronlinechoices.com\/\" target=\"_blank\" rel=\"noopener noreferrer\">http:\/\/www.youronlinechoices.com<\/a>. Attraverso tale servizio \u00e8 possibile gestire le preferenze di tracciamento della maggior parte degli strumenti pubblicitari. Sara Marsero, pertanto, Le consiglia di utilizzare tale risorsa in aggiunta alle informazioni fornite dal presente documento.<\/p>\n<p>Per disabilitare i cookie analitici e impedire a Google Analytics di raccogliere dati sulla Sua navigazione, pu\u00f2 scaricare il Componente aggiuntivo del browser per la disattivazione di Google Analytics:\u00a0<a class=\"policy\" href=\"https:\/\/tools.google.com\/dlpage\/gaoptout\" target=\"_blank\" rel=\"noopener noreferrer\">https:\/\/tools.google.com\/dlpage\/gaoptout<\/a>.<\/p>\n<h2>Accettazione e rinuncia dei cookie<\/h2>\n<p>Proseguendo nella navigazione su questo sito chiudendo la fascetta informativa o facendo click in una qualsiasi parte della pagina o scorrendola per evidenziare ulteriore contenuto, si accetta la Cookie Policy di saramarseropsicologa.com\u00a0e verranno impostati e raccolti i cookie. In caso di mancata accettazione dei cookie mediante abbandono della navigazione, eventuali cookie gi\u00e0 registrati localmente nel Suo browser rimarranno ivi registrati ma non saranno pi\u00f9 letti n\u00e9 utilizzati da Sara Marsero\u00a0fino ad una successiva ed eventuale accettazione della Cookie Policy. Si avr\u00e0 sempre la possibilit\u00e0 di rimuovere tali cookie in qualsiasi momento attraverso le modalit\u00e0 di cui ai siti citati nel paragrafo \u201cGestione dei cookie\u201d.<\/p>\n<h2>Accettazione e rinuncia al consenso per il trattamento dei dati<\/h2>\n<p>Responsabile del Trattamento dati \u00e8 Sara Marsero; l&#8217;esercizio dei diritti di cui all&#8217;art. 7 del D.Lgs 196\/03 potr\u00e0 effettuarsi attraverso specifica comunicazione a mezzo posta indirizzata alla medesima Societ\u00e0, o attraverso la casella di posta elettronica dedicata: <a href=\"mailto:info@saramarseropsicologa.com\">info@saramarseropsicologa.com<\/a><\/p>\n<p>Questa pagina \u00e8 visibile, mediante link in tutte le pagine del Sito ai sensi dei D.lgs. 69\/2012 e 70\/2012 e a seguito delle modalit\u00e0 semplificate per l\u2019informativa e l\u2019acquisizione del consenso per l\u2019uso dei cookie pubblicata sulla Gazzetta Ufficiale n.126 del 3 giugno 2014 e relativo registro dei provvedimenti n.229 dell\u20198 maggio 2014.<\/p>\n<p>Rev. 1 &#8211; 01\/09\/2016<\/p>\n","protected":false},"excerpt":{"rendered":"<p>Che cos&#8217;\u00e8 un cookie e a cosa serve? Un cookie \u00e8 un file di piccole dimensioni che viene inviato al browser e salvato sul Suo dispositivo quando visita un sito internet. I cookie permettono un funzionamento efficiente del sito e ne migliorano le prestazioni, danno anche informazioni al proprietario del sito per fini statistici e&nbsp;<\/p>\n<p><a class=\"btn btn-style\" href=\"https:\/\/www.saramarseropsicologa.com\/sito\/cookie-policy\/\">Continua a leggere&#8230;<\/a><\/p>\n","protected":false},"author":1,"featured_media":0,"parent":0,"menu_order":0,"comment_status":"closed","ping_status":"closed","template":"","meta":[],"_links":{"self":[{"href":"https:\/\/www.saramarseropsicologa.com\/sito\/wp-json\/wp\/v2\/pages\/13"}],"collection":[{"href":"https:\/\/www.saramarseropsicologa.com\/sito\/wp-json\/wp\/v2\/pages"}],"about":[{"href":"https:\/\/www.saramarseropsicologa.com\/sito\/wp-json\/wp\/v2\/types\/page"}],"author":[{"embeddable":true,"href":"https:\/\/www.saramarseropsicologa.com\/sito\/wp-json\/wp\/v2\/users\/1"}],"replies":[{"embeddable":true,"href":"https:\/\/www.saramarseropsicologa.com\/sito\/wp-json\/wp\/v2\/comments?post=13"}],"version-history":[{"count":2,"href":"https:\/\/www.saramarseropsicologa.com\/sito\/wp-json\/wp\/v2\/pages\/13\/revisions"}],"predecessor-version":[{"id":67,"href":"https:\/\/www.saramarseropsicologa.com\/sito\/wp-json\/wp\/v2\/pages\/13\/revisions\/67"}],"wp:attachment":[{"href":"https:\/\/www.saramarseropsicologa.com\/sito\/wp-json\/wp\/v2\/media?parent=13"}],"curies":[{"name":"wp","href":"https:\/\/api.w.org\/{rel}","templated":true}]}}