{"id":5,"date":"2017-06-04T11:58:22","date_gmt":"2017-06-04T09:58:22","guid":{"rendered":"http:\/\/www.saramarseropsicologa.com\/sito\/?page_id=5"},"modified":"2018-07-18T09:50:11","modified_gmt":"2018-07-18T07:50:11","slug":"home","status":"publish","type":"page","link":"https:\/\/www.saramarseropsicologa.com\/sito\/","title":{"rendered":""},"content":{"rendered":"<p style=\"text-align: justify;\">Tutti, almeno una volta nella vita, hanno bisogno di aiuto. Capita di trovarsi immersi in una\u00a0<strong>situazione imprevista da cui sembra non poterne uscire<\/strong>. Proprio in queste occasioni \u00e8 utile saper chiedere aiuto ad altri e trovare una persona accogliente e comprensiva che si fa carico di accompagnarci nella ricerca di una via di uscita permettendoci di ritrovare uno stato di benessere.<\/p>\n<p style=\"text-align: justify;\">Questo \u00e8 il mio lavoro, ci\u00f2 che ho imparato a fare in anni di studio e ricerca, ci\u00f2 che amo fare e che svolgo ogni giorno.<\/p>\n<p style=\"text-align: justify;\">A volte ci si rivolge ad un amico, ad una amica, ma non sempre loro sanno aiutarci perch\u00e9 non hanno gli strumenti adeguati.<\/p>\n<p style=\"text-align: justify;\">\u00c8 proprio in quel caso che \u00e8 utile contattare uno psicologo o meglio uno psicoterapeuta.<\/p>\n<p style=\"text-align: justify;\">Spesso utilizzo questo esempio per spiegare il mio lavoro. \u00c8 come se una persona fosse in un\u00a0<strong>labirinto da cui non riesce ad uscire<\/strong>. Io vedo la situazione da una posizione esterna, posso osservare l\u2019inghippo e guidare la persona verso l\u2019uscita desiderata. Le faccio vedere la situazione permettendole di utilizzare per un attimo i miei occhi, concordo un obiettivo da raggiungere e la guido verso quella meta.<\/p>\n<p><img decoding=\"async\" loading=\"lazy\" class=\"aligncenter wp-image-112\" src=\"http:\/\/www.saramarseropsicologa.com\/sito\/wp-content\/uploads\/2018\/07\/labirinto-01-600x402.png\" alt=\"\" width=\"690\" height=\"462\" srcset=\"https:\/\/www.saramarseropsicologa.com\/sito\/wp-content\/uploads\/2018\/07\/labirinto-01-600x402.png 600w, https:\/\/www.saramarseropsicologa.com\/sito\/wp-content\/uploads\/2018\/07\/labirinto-01-300x201.png 300w, https:\/\/www.saramarseropsicologa.com\/sito\/wp-content\/uploads\/2018\/07\/labirinto-01-768x514.png 768w, https:\/\/www.saramarseropsicologa.com\/sito\/wp-content\/uploads\/2018\/07\/labirinto-01-120x80.png 120w\" sizes=\"(max-width: 690px) 100vw, 690px\" \/><br \/>\n<\/hr>\n<h2><\/h2>\n<h2 style=\"text-align: justify;\">Perch\u00e9 rivolgersi a me?<\/h2>\n<h3 style=\"text-align: justify;\"><\/h3>\n<p>L&#8217;utilizzo della\u00a0<strong>psicoterapia cognitivo comportamentale<\/strong>\u00a0&#8211; che si \u00e8 dimostrata scientificamente la cura pi\u00f9 efficace nella maggior parte dei casi &#8211; permette di ottenere\u00a0<strong>risultati in breve tempo<\/strong>\u00a0(risultati visibili gi\u00e0 nei primi mesi di terapia)<\/p>\n<p><strong>L&#8217;approccio \u00e8 pratico e concreto<\/strong>, focalizzato sul \u201cqui ed ora\u201d e sulle situazioni quotidiane che causano malessere<\/p>\n<p><strong>L&#8217;ambiente non \u00e8 giudicante<\/strong>\u00a0(NON giudico le persone e le loro scelte, NON impongo la mia opinione, NON scelgo per loro)<\/p>\n<p>Nelle prime tre sedute comprensione e schematizzazione del problema, proposta di percorso terapeutico con obiettivi concordati insieme alla persona<\/p>\n<p>Presa in carico a 360\u00b0 grazie alla collaborazione, nel caso lo si desideri, con altri professionisti (es. psichiatra, dietista, ecc.)<\/p>\n<p>Professionalit\u00e0, costante aggiornamento e partecipazione ad attivit\u00e0 di ricerca<\/p>\n<p>Studio\u00a0<strong>vicino ai mezzi di trasporto<\/strong>\u00a0(metro, autobus e stazioni ferroviarie), comodo anche per chi arriva da fuori<\/p>\n<p>&nbsp;<\/p>\n<style id=\"bwg-style-0\">  #bwg_container1_0 {    display: table;\t\/*visibility: hidden;*\/  }  #bwg_container1_0 * {\t  -moz-user-select: none;\t  -khtml-user-select: none;\t  -webkit-user-select: none;\t  -ms-user-select: none;\t  user-select: none;  }  #bwg_container1_0 #bwg_container2_0 .bwg_slideshow_image_wrap_0 {\t  background-color: #000000;\t  width: 800px;\t  height: 600px;  }  #bwg_container1_0 #bwg_container2_0 .bwg_slideshow_image_0 {\t  max-width: 800px;\t  max-height: 510px;  }  #bwg_container1_0 #bwg_container2_0 .bwg_slideshow_embed_0 {    width: 800px;    height: 510px;  }  #bwg_container1_0 #bwg_container2_0 #bwg_slideshow_play_pause_0 {\t  background: transparent url(\"https:\/\/www.saramarseropsicologa.com\/sito\/wp-content\/plugins\/photo-gallery\/images\/blank.gif\") repeat scroll 0 0;  }  #bwg_container1_0 #bwg_container2_0 #bwg_slideshow_play_pause-ico_0 {    color: #FFFFFF;    font-size: 60px;  }  #bwg_container1_0 #bwg_container2_0 #bwg_slideshow_play_pause-ico_0:hover {\t  color: #CCCCCC;  }  #bwg_container1_0 #bwg_container2_0 #spider_slideshow_left_0,  #bwg_container1_0 #bwg_container2_0 #spider_slideshow_right_0 {\t  background: transparent url(\"https:\/\/www.saramarseropsicologa.com\/sito\/wp-content\/plugins\/photo-gallery\/images\/blank.gif\") repeat scroll 0 0;  }  #bwg_container1_0 #bwg_container2_0 #spider_slideshow_left-ico_0,  #bwg_container1_0 #bwg_container2_0 #spider_slideshow_right-ico_0 {\t  background-color: #000000;\t  border-radius: 20px;\t  border: 0px none #FFFFFF;\t  box-shadow: 0px 0px 0px #000000;\t  color: #FFFFFF;\t  height: 40px;\t  font-size: 20px;\t  width: 40px;\t  opacity: 1.00;  }  #bwg_container1_0 #bwg_container2_0 #spider_slideshow_left-ico_0:hover,  #bwg_container1_0 #bwg_container2_0 #spider_slideshow_right-ico_0:hover {\t  color: #CCCCCC;  }      #spider_slideshow_left-ico_0{      left: -9999px;    }    #spider_slideshow_right-ico_0{      left: -9999px;    }      #bwg_container1_0 #bwg_container2_0 .bwg_slideshow_image_container_0 {\t  top: 90px;\t  width: 800px;\t  height: 600px;\t}\t#bwg_container1_0 #bwg_container2_0 .bwg_slideshow_filmstrip_container_0 {\t  display: table;\t  height: 90px;\t  width: 800px;\t  top: 0;  }  \/* Filmstrip dimension *\/  #bwg_container1_0 #bwg_container2_0 .bwg_slideshow_filmstrip_0 {\t  left: 20px;\t  width: 760px;\t  \/*z-index: 10106;*\/  }  #bwg_container1_0 #bwg_container2_0 .bwg_slideshow_filmstrip_thumbnails_0 {    left: 0px;    width: 489px;    height: 90px;  }  #bwg_container1_0 #bwg_container2_0 .bwg_slideshow_filmstrip_thumbnail_0 {    width: 161px;    height: 90px;    margin: 0 1px;    border: 1px solid #000000;    border-radius: 0;  }  #bwg_container1_0 #bwg_container2_0 .bwg_slideshow_thumb_active_0 {\t  border: 0px solid #FFFFFF;  }  #bwg_container1_0 #bwg_container2_0 .bwg_slideshow_thumb_deactive_0 {    opacity: 0.80;  }  #bwg_container1_0 #bwg_container2_0 .bwg_slideshow_filmstrip_left_0,  #bwg_container1_0 #bwg_container2_0 .bwg_slideshow_filmstrip_left_disabled_0 {\t  background-color: #3B3B3B;\t  display: table-cell;\t  width: 20px;\t  left: 0;\t  \t    }  #bwg_container1_0 #bwg_container2_0 .bwg_slideshow_filmstrip_right_0,  #bwg_container1_0 #bwg_container2_0 .bwg_slideshow_filmstrip_right_disabled_0 {\t  background-color: #3B3B3B;    display: table-cell;    right: 0;\t  width: 20px;\t  \t    }  #bwg_container1_0 #bwg_container2_0 .bwg_slideshow_filmstrip_left_0 i,  #bwg_container1_0 #bwg_container2_0 .bwg_slideshow_filmstrip_right_0 i,  #bwg_container1_0 #bwg_container2_0 .bwg_slideshow_filmstrip_left_disabled_0 i,  #bwg_container1_0 #bwg_container2_0 .bwg_slideshow_filmstrip_right_disabled_0 i {\t  color: #FFFFFF;\t  font-size: 20px;  }  #bwg_container1_0 #bwg_container2_0 .bwg_slideshow_filmstrip_left_0 {    display: none;  }  #bwg_container1_0 #bwg_container2_0 .bwg_slideshow_filmstrip_left_disabled_0,  #bwg_container1_0 #bwg_container2_0 .bwg_slideshow_filmstrip_right_disabled_0 {    display: none;    opacity: 0.3;  }  #bwg_container1_0 #bwg_container2_0 .bwg_slideshow_filmstrip_left_disabled_0 {    display: table-cell;  }  #bwg_container1_0 #bwg_container2_0 .bwg_slideshow_watermark_spun_0 {\t  text-align: right;\t  vertical-align: bottom;  }  #bwg_container1_0 #bwg_container2_0 .bwg_slideshow_title_spun_0 {\t  text-align: right;\t  vertical-align: top;  }  #bwg_container1_0 #bwg_container2_0 .bwg_slideshow_description_spun_0 {\t  text-align: right;\t  vertical-align: bottom;  }  #bwg_container1_0 #bwg_container2_0 .bwg_slideshow_watermark_image_0 {\t  max-height: 90px;\t  max-width: 90px;\t  opacity: 0.30;  }  #bwg_container1_0 #bwg_container2_0 .bwg_slideshow_watermark_text_0,  #bwg_container1_0 #bwg_container2_0 .bwg_slideshow_watermark_text_0:hover {\t  text-decoration: none;\t  margin: 4px;\t  position: relative;\t  z-index: 15;  }  #bwg_container1_0 #bwg_container2_0 .bwg_slideshow_title_text_0 {\t  font-size: 16px;\t  font-family: segoe ui;\t  color: #FFFFFF !important;\t  opacity: 0.70;    border-radius: 5px;\t  background-color: #000000;\t  padding: 0 0 0 0;\t  \t\tmargin: 5px;\t  \t    }  #bwg_container1_0 #bwg_container2_0 .bwg_slideshow_description_text_0 {\t  font-size: 14px;\t  font-family: segoe ui;\t  color: #FFFFFF !important;\t  opacity: 0.70;    border-radius: 0;\t  background-color: #000000;\t  padding: 5px 10px 5px 10px;\t    }  #bwg_container1_0 #bwg_container2_0 .bwg_slideshow_description_text_0 * {\ttext-decoration: none;\tcolor: #FFFFFF !important;  }  #bwg_container1_0 #bwg_container2_0 .bwg_slideshow_dots_0 {\t  width: 12px;\t  height: 12px;\t  border-radius: 5px;\t  background: #F2D22E;\t  margin: 3px;  }  #bwg_container1_0 #bwg_container2_0 .bwg_slideshow_dots_container_0 {\t  width: 800px;\t  top: 0;  }  #bwg_container1_0 #bwg_container2_0 .bwg_slideshow_dots_thumbnails_0 {\t  height: 18px;\t  width: 54px;  }  #bwg_container1_0 #bwg_container2_0 .bwg_slideshow_dots_active_0 {\t  background: #FFFFFF;\t  border: 1px solid #000000;  }  <\/style>    <div id=\"bwg_container1_0\"         class=\"bwg_container bwg_thumbnail bwg_slideshow \"         data-right-click-protection=\"0\"         data-bwg=\"0\"         data-scroll=\"0\"         data-gallery-type=\"slideshow\"         data-gallery-view-type=\"slideshow\"         data-current-url=\"\/sito\/wp-json\/wp\/v2\/pages\/5\"         data-lightbox-url=\"https:\/\/www.saramarseropsicologa.com\/sito\/wp-admin\/admin-ajax.php?action=GalleryBox&#038;current_view=0&#038;gallery_id=1&#038;tag=0&#038;theme_id=1&#038;shortcode_id=4&#038;sort_by=order&#038;order_by=asc&#038;current_url=%2Fsito%2Fwp-json%2Fwp%2Fv2%2Fpages%2F5\"         data-gallery-id=\"1\"         data-popup-width=\"800\"         data-popup-height=\"600\"         data-is-album=\"gallery\"         data-buttons-position=\"bottom\">      <div id=\"bwg_container2_0\">             <div id=\"ajax_loading_0\" class=\"bwg_loading_div_1\">      <div class=\"bwg_loading_div_2\">        <div class=\"bwg_loading_div_3\">          <div id=\"loading_div_0\" class=\"bwg_spider_ajax_loading\">          <\/div>        <\/div>      <\/div>    <\/div>            <form id=\"gal_front_form_0\"              class=\"bwg-hidden\"              method=\"post\"              action=\"#\"              data-current=\"0\"              data-shortcode-id=\"4\"              data-gallery-type=\"slideshow\"              data-gallery-id=\"1\"              data-tag=\"0\"              data-album-id=\"0\"              data-theme-id=\"1\"              data-ajax-url=\"https:\/\/www.saramarseropsicologa.com\/sito\/wp-admin\/admin-ajax.php?action=bwg_frontend_data\">          <div id=\"bwg_container3_0\" class=\"bwg-background bwg-background-0\">              <div class=\"bwg_slideshow_image_wrap_0 bwg-slideshow-images-wrapper bwg-container\"       data-bwg=\"0\"       data-lightbox-url=\"https:\/\/www.saramarseropsicologa.com\/sito\/wp-admin\/admin-ajax.php?action=GalleryBox&#038;current_view=0&#038;gallery_id=1&#038;tag=0&#038;theme_id=1&#038;shortcode_id=4&#038;sort_by=order&#038;order_by=asc&#038;current_url=%2Fsito%2Fwp-json%2Fwp%2Fv2%2Fpages%2F5\">          <div class=\"bwg_slideshow_filmstrip_container_0\">        <div class=\"bwg_slideshow_filmstrip_left_0\">          <i class=\"bwg-icon-angle-left\"><\/i>        <\/div>        <div class=\"bwg_slideshow_filmstrip_left_disabled_0\">          <i class=\"bwg-icon-angle-left\"><\/i>        <\/div>        <div class=\"bwg_slideshow_filmstrip_0 bwg_slideshow_filmstrip\">          <div class=\"bwg_slideshow_filmstrip_thumbnails_0\">                          <div id=\"bwg_filmstrip_thumbnail_0_0\"                class=\"bwg_slideshow_filmstrip_thumbnail_0 bwg_slideshow_thumb_active_0\"                data-style=\"width:161px; height:90px;\">                <img class=\"bwg_filmstrip_thumbnail_img bwg_slideshow_filmstrip_thumbnail_img_0\"                  style=\"width:161px; height:120.75px; margin-left: 0px; margin-top: -15.375px;\"                  data-style=\"width:161px; height:120.75px; margin-left: 0px; margin-top: -15.375px;\"                  src=\"https:\/\/www.saramarseropsicologa.com\/sito\/wp-content\/uploads\/photo-gallery\/thumb\/milano1%20(1).jpg?bwg=1579891120\"                  data-src=\"https:\/\/www.saramarseropsicologa.com\/sito\/wp-content\/uploads\/photo-gallery\/thumb\/milano1%20(1).jpg?bwg=1579891120\"                  onclick=\"bwg_change_image(parseInt(jQuery('#bwg_current_image_key_0').val()), '0', '', '', '0')\"                  image_id=\"26\"                  image_key=\"0\"                  alt=\"milano1 (1)\"                  title=\"milano1 (1)\" \/>              <\/div>                            <div id=\"bwg_filmstrip_thumbnail_1_0\"                class=\"bwg_slideshow_filmstrip_thumbnail_0 bwg_slideshow_thumb_deactive_0\"                data-style=\"width:161px; height:90px;\">                <img class=\"bwg_filmstrip_thumbnail_img bwg_slideshow_filmstrip_thumbnail_img_0\"                  style=\"width:161px; height:214.66666666667px; margin-left: 0px; margin-top: -62.333333333333px;\"                  data-style=\"width:161px; height:214.66666666667px; margin-left: 0px; margin-top: -62.333333333333px;\"                  src=\"https:\/\/www.saramarseropsicologa.com\/sito\/wp-content\/uploads\/photo-gallery\/thumb\/torino2%20(2).jpg?bwg=1579891120\"                  data-src=\"https:\/\/www.saramarseropsicologa.com\/sito\/wp-content\/uploads\/photo-gallery\/thumb\/torino2%20(2).jpg?bwg=1579891120\"                  onclick=\"bwg_change_image(parseInt(jQuery('#bwg_current_image_key_0').val()), '1', '', '', '0')\"                  image_id=\"27\"                  image_key=\"1\"                  alt=\"torino2 (2)\"                  title=\"torino2 (2)\" \/>              <\/div>                            <div id=\"bwg_filmstrip_thumbnail_2_0\"                class=\"bwg_slideshow_filmstrip_thumbnail_0 bwg_slideshow_thumb_deactive_0\"                data-style=\"width:161px; height:90px;\">                <img class=\"bwg_filmstrip_thumbnail_img bwg_slideshow_filmstrip_thumbnail_img_0\"                  style=\"width:161px; height:214.66666666667px; margin-left: 0px; margin-top: -62.333333333333px;\"                  data-style=\"width:161px; height:214.66666666667px; margin-left: 0px; margin-top: -62.333333333333px;\"                  src=\"https:\/\/www.saramarseropsicologa.com\/sito\/wp-content\/uploads\/photo-gallery\/thumb\/torino1%20(1).jpg?bwg=1579891120\"                  data-src=\"https:\/\/www.saramarseropsicologa.com\/sito\/wp-content\/uploads\/photo-gallery\/thumb\/torino1%20(1).jpg?bwg=1579891120\"                  onclick=\"bwg_change_image(parseInt(jQuery('#bwg_current_image_key_0').val()), '2', '', '', '0')\"                  image_id=\"28\"                  image_key=\"2\"                  alt=\"torino1 (1)\"                  title=\"torino1 (1)\" \/>              <\/div>                        <\/div>        <\/div>        <div class=\"bwg_slideshow_filmstrip_right_0\">          <i class=\"bwg-icon-angle-right\"><\/i>        <\/div>        <div class=\"bwg_slideshow_filmstrip_right_disabled_0\">          <i class=\"bwg-icon-angle-right\"><\/i>        <\/div>      <\/div>          <div id=\"bwg_slideshow_image_container_0\"         class=\"bwg_slideshow_image_container_0\"         data-params='{&quot;bwg_source&quot;:&quot;slider&quot;,&quot;bwg_current_key&quot;:&quot;&quot;,&quot;bwg_transition_duration&quot;:1000,&quot;bwg_trans_in_progress&quot;:false,&quot;data&quot;:[{&quot;id&quot;:&quot;26&quot;,&quot;alt&quot;:&quot;milano1 (1)&quot;,&quot;description&quot;:&quot;&quot;,&quot;filetype&quot;:&quot;JPG&quot;,&quot;filename&quot;:&quot;milano1 (1)&quot;,&quot;image_url&quot;:&quot;\\\/milano1 (1).jpg?bwg=1579891120&quot;,&quot;thumb_url&quot;:&quot;\\\/thumb\\\/milano1 (1).jpg?bwg=1579891120&quot;,&quot;redirect_url&quot;:&quot;&quot;,&quot;date&quot;:&quot;24 January 2020, 18:38&quot;,&quot;is_embed&quot;:false,&quot;is_embed_video&quot;:false,&quot;image_width&quot;:&quot;1024&quot;,&quot;image_height&quot;:&quot;768&quot;},{&quot;id&quot;:&quot;27&quot;,&quot;alt&quot;:&quot;torino2 (2)&quot;,&quot;description&quot;:&quot;&quot;,&quot;filetype&quot;:&quot;JPG&quot;,&quot;filename&quot;:&quot;torino2 (2)&quot;,&quot;image_url&quot;:&quot;\\\/torino2 (2).jpg?bwg=1579891120&quot;,&quot;thumb_url&quot;:&quot;\\\/thumb\\\/torino2 (2).jpg?bwg=1579891120&quot;,&quot;redirect_url&quot;:&quot;&quot;,&quot;date&quot;:&quot;24 January 2020, 18:38&quot;,&quot;is_embed&quot;:false,&quot;is_embed_video&quot;:false,&quot;image_width&quot;:&quot;768&quot;,&quot;image_height&quot;:&quot;1024&quot;},{&quot;id&quot;:&quot;28&quot;,&quot;alt&quot;:&quot;torino1 (1)&quot;,&quot;description&quot;:&quot;&quot;,&quot;filetype&quot;:&quot;JPG&quot;,&quot;filename&quot;:&quot;torino1 (1)&quot;,&quot;image_url&quot;:&quot;\\\/torino1 (1).jpg?bwg=1579891120&quot;,&quot;thumb_url&quot;:&quot;\\\/thumb\\\/torino1 (1).jpg?bwg=1579891120&quot;,&quot;redirect_url&quot;:&quot;&quot;,&quot;date&quot;:&quot;24 January 2020, 18:38&quot;,&quot;is_embed&quot;:false,&quot;is_embed_video&quot;:false,&quot;image_width&quot;:&quot;768&quot;,&quot;image_height&quot;:&quot;1024&quot;}],&quot;width_or_height&quot;:&quot;width&quot;,&quot;filmstrip_thumb_margin_hor&quot;:2,&quot;left_or_top&quot;:&quot;left&quot;,&quot;outerWidth_or_outerHeight&quot;:&quot;outerWidth&quot;,&quot;enable_slideshow_shuffle&quot;:&quot;0&quot;,&quot;lightbox_filmstrip_thumb_border_width&quot;:&quot;1&quot;,&quot;thumb_click_action&quot;:&quot;open_lightbox&quot;,&quot;thumb_link_target&quot;:&quot;1&quot;,&quot;upload_url&quot;:&quot;https:\\\/\\\/www.saramarseropsicologa.com\\\/sito\\\/wp-content\\\/uploads\\\/photo-gallery&quot;,&quot;preload_images&quot;:1,&quot;slideshow_effect&quot;:&quot;fade&quot;,&quot;event_stack&quot;:&quot;&quot;,&quot;preload_images_count&quot;:10,&quot;image_width&quot;:&quot;800&quot;,&quot;image_height&quot;:&quot;600&quot;,&quot;thumb_width&quot;:250,&quot;thumb_height&quot;:140,&quot;filmstrip_direction&quot;:&quot;horizontal&quot;,&quot;slideshow_filmstrip_type&quot;:1,&quot;slideshow_thumbnails_count&quot;:5,&quot;slideshow_filmstrip_width&quot;:161,&quot;slideshow_filmstrip_height&quot;:&quot;90&quot;,&quot;slideshow_filmstrip_rl_btn_size&quot;:&quot;20&quot;,&quot;slideshow_play_pause_btn_size&quot;:&quot;60&quot;,&quot;watermark_type&quot;:90,&quot;watermark_height&quot;:90,&quot;watermark_font_size&quot;:12,&quot;slideshow_title_font_size&quot;:&quot;16&quot;,&quot;slideshow_description_font_size&quot;:&quot;14&quot;,&quot;bwg_playInterval&quot;:&quot;&quot;,&quot;slideshow_interval&quot;:5,&quot;image_right_click&quot;:0,&quot;enable_slideshow_autoplay&quot;:&quot;1&quot;,&quot;enable_slideshow_music&quot;:&quot;0&quot;,&quot;bwg_current_filmstrip_pos&quot;:0}'         data-filmstrip-position=\"top\"         data-filmstrip-size=\"90\">      <div class=\"bwg_slide_container_0\">        <div class=\"bwg_slide_bg_0\">          <div class=\"bwg_slider_0\">                            <span class=\"bwg_slideshow_image_spun_0\" id=\"image_id_0_26\">                    <span class=\"bwg_slideshow_image_spun1_0\">                      <span class=\"bwg_slideshow_image_spun2_0\">                                                  <a  class=\"bwg-a bwg_lightbox\" href=\"https:\/\/www.saramarseropsicologa.com\/sito\/wp-content\/uploads\/photo-gallery\/milano1%20(1).jpg?bwg=1579891120\" data-image-id=\"26\" data-elementor-open-lightbox=\"no\">                          <img id=\"bwg_slideshow_image_0\"                               class=\"skip-lazy bwg_slide bwg_slideshow_image_0 \"                               src=\"https:\/\/www.saramarseropsicologa.com\/sito\/wp-content\/uploads\/photo-gallery\/milano1%20(1).jpg?bwg=1579891120\"                               data-src=\"https:\/\/www.saramarseropsicologa.com\/sito\/wp-content\/uploads\/photo-gallery\/milano1%20(1).jpg?bwg=1579891120\"                               image_id=\"26\"                               alt=\"milano1 (1)\" \/>                          <\/a>                                                <\/span>                    <\/span>                  <\/span>                <span class=\"bwg_slideshow_image_second_spun_0\">                  <\/span>                <input type=\"hidden\" id=\"bwg_current_image_key_0\" value=\"0\" \/>                          <\/div>        <\/div>      <\/div>              <a class=\"bwg-a\" id=\"spider_slideshow_left_0\" onclick=\"bwg_change_image(parseInt(jQuery('#bwg_current_image_key_0').val()), (parseInt(jQuery('#bwg_current_image_key_0').val()) + 3 - bwg_iterator(0)) % 3, '', '', 0); return false;\"><span id=\"spider_slideshow_left-ico_0\"><span><i class=\"bwg-icon-chevron-left bwg_slideshow_prev_btn_0\"><\/i><\/span><\/span><\/a>        <span id=\"bwg_slideshow_play_pause_0\" class=\"bwg_slideshow_play_pause\" style=\"display: ;\"><span><span id=\"bwg_slideshow_play_pause-ico_0\"><i class=\"bwg-icon-play bwg_ctrl_btn_0 bwg_slideshow_play_pause_0\"><\/i><\/span><\/span><\/span>        <a class=\"bwg-a\" id=\"spider_slideshow_right_0\" onclick=\"bwg_change_image(parseInt(jQuery('#bwg_current_image_key_0').val()), (parseInt(jQuery('#bwg_current_image_key_0').val()) + bwg_iterator(0)) % 3, '', '', 0); return false;\"><span id=\"spider_slideshow_right-ico_0\"><span><i class=\"bwg-icon-chevron-right bwg_slideshow_next_btn_0\"><\/i><\/span><\/span><\/a>            <\/div>      <\/div>            <\/div>        <\/form>        <style>          #bwg_container1_0 #bwg_container2_0 #spider_popup_overlay_0 {          background-color: #000000;          opacity: 0.70;          }          <\/style>        <div id=\"bwg_spider_popup_loading_0\" class=\"bwg_spider_popup_loading\"><\/div>        <div id=\"spider_popup_overlay_0\" class=\"spider_popup_overlay\" onclick=\"spider_destroypopup(1000)\"><\/div>        <input type=\"hidden\" id=\"bwg_random_seed_0\" value=\"242427714\">                <\/div>    <\/div>    <script>      if (document.readyState === 'complete') {        if( typeof bwg_main_ready == 'function' ) {          if ( jQuery(\"#bwg_container1_0\").height() ) {            bwg_main_ready(jQuery(\"#bwg_container1_0\"));          }        }      } else {        document.addEventListener('DOMContentLoaded', function() {          if( typeof bwg_main_ready == 'function' ) {            if ( jQuery(\"#bwg_container1_0\").height() ) {             bwg_main_ready(jQuery(\"#bwg_container1_0\"));            }          }        });      }    <\/script>    \n<h2><\/h2>\n","protected":false},"excerpt":{"rendered":"<p>Tutti, almeno una volta nella vita, hanno bisogno di aiuto. Capita di trovarsi immersi in una\u00a0situazione imprevista da cui sembra non poterne uscire. Proprio in queste occasioni \u00e8 utile saper chiedere aiuto ad altri e trovare una persona accogliente e comprensiva che si fa carico di accompagnarci nella ricerca di una via di uscita permettendoci&nbsp;<\/p>\n<p><a class=\"btn btn-style\" href=\"https:\/\/www.saramarseropsicologa.com\/sito\/\">Continua a leggere&#8230;<\/a><\/p>\n","protected":false},"author":1,"featured_media":0,"parent":0,"menu_order":0,"comment_status":"closed","ping_status":"closed","template":"","meta":[],"_links":{"self":[{"href":"https:\/\/www.saramarseropsicologa.com\/sito\/wp-json\/wp\/v2\/pages\/5"}],"collection":[{"href":"https:\/\/www.saramarseropsicologa.com\/sito\/wp-json\/wp\/v2\/pages"}],"about":[{"href":"https:\/\/www.saramarseropsicologa.com\/sito\/wp-json\/wp\/v2\/types\/page"}],"author":[{"embeddable":true,"href":"https:\/\/www.saramarseropsicologa.com\/sito\/wp-json\/wp\/v2\/users\/1"}],"replies":[{"embeddable":true,"href":"https:\/\/www.saramarseropsicologa.com\/sito\/wp-json\/wp\/v2\/comments?post=5"}],"version-history":[{"count":23,"href":"https:\/\/www.saramarseropsicologa.com\/sito\/wp-json\/wp\/v2\/pages\/5\/revisions"}],"predecessor-version":[{"id":120,"href":"https:\/\/www.saramarseropsicologa.com\/sito\/wp-json\/wp\/v2\/pages\/5\/revisions\/120"}],"wp:attachment":[{"href":"https:\/\/www.saramarseropsicologa.com\/sito\/wp-json\/wp\/v2\/media?parent=5"}],"curies":[{"name":"wp","href":"https:\/\/api.w.org\/{rel}","templated":true}]}}